{"id":533,"date":"2025-07-11T17:45:08","date_gmt":"2025-07-11T17:45:08","guid":{"rendered":"https:\/\/wordpress.prod.doctr.ca\/contact-us\/"},"modified":"2025-07-21T13:25:23","modified_gmt":"2025-07-21T13:25:23","slug":"contactez-nous","status":"publish","type":"page","link":"https:\/\/wordpress.prod.doctr.ca\/fr\/contactez-nous\/","title":{"rendered":"Contactez-nous"},"content":{"rendered":"<div class=\"wpb-content-wrapper\"><p>[vc_row row_height_percent=\u00a0\u00bb0&Prime; back_color=\u00a0\u00bbcolor-faf6f3&Prime; overlay_alpha=\u00a0\u00bb50&Prime; gutter_size=\u00a0\u00bb3&Prime; column_width_percent=\u00a0\u00bb100&Prime; shift_y=\u00a0\u00bb0&Prime; z_index=\u00a0\u00bb0&Prime; content_parallax=\u00a0\u00bb0&Prime; uncode_shortcode_id=\u00a0\u00bb168984&Prime; back_color_type=\u00a0\u00bbuncode-palette\u00a0\u00bb][vc_column column_width_percent=\u00a0\u00bb100&Prime; gutter_size=\u00a0\u00bb3&Prime; back_color=\u00a0\u00bbcolor-xsdn\u00a0\u00bb overlay_alpha=\u00a0\u00bb50&Prime; radius=\u00a0\u00bbhg\u00a0\u00bb border_color=\u00a0\u00bbcolor-157100&Prime; border_style=\u00a0\u00bbsolid\u00a0\u00bb shift_x=\u00a0\u00bb0&Prime; shift_y=\u00a0\u00bb0&Prime; shift_y_down=\u00a0\u00bb0&Prime; z_index=\u00a0\u00bb0&Prime; medium_width=\u00a0\u00bb0&Prime; mobile_width=\u00a0\u00bb0&Prime; width=\u00a0\u00bb1\/2&Prime; uncode_shortcode_id=\u00a0\u00bb118673&Prime; back_color_type=\u00a0\u00bbuncode-palette\u00a0\u00bb css=\u00a0\u00bb.vc_custom_1752101714455{border-top-width: 1px !important;border-right-width: 1px !important;border-bottom-width: 1px !important;border-left-width: 1px !important;}\u00a0\u00bb border_color_type=\u00a0\u00bbuncode-palette\u00a0\u00bb][vc_custom_heading text_size=\u00a0\u00bbh3&Prime; text_align=\u00a0\u00bbtext-left\u00a0\u00bb text_uppercase=\u00a0\u00bb\u00a0\u00bb uncode_shortcode_id=\u00a0\u00bb171063&Prime; subheading=\u00a0\u00bbSi vous avez d\u00e9j\u00e0 un compte, veuillez nous contacter via le clavardage s\u00e9curis\u00e9.\u00a0\u00bb]Clients existants[\/vc_custom_heading][vc_button button_color=\u00a0\u00bbcolor-d63838&Prime; wide=\u00a0\u00bbyes\u00a0\u00bb border_width=\u00a0\u00bb0&Prime; scale_mobile=\u00a0\u00bbno\u00a0\u00bb button_color_type=\u00a0\u00bbuncode-palette\u00a0\u00bb uncode_shortcode_id=\u00a0\u00bb109680&Prime; link=\u00a0\u00bburl:https%3A%2F%2Fapp.doctr.ca%2F%3Fep%3Dcc-chat%26lang%3Dfr|title:clavardez%20avec%20nous\u00a0\u00bb]Clavardez[\/vc_button][vc_column_text uncode_shortcode_id=\u00a0\u00bb172974&Prime;]Mot de passe oubli\u00e9 ? <a href=\"https:\/\/app.doctr.ca\/request-reset?lang=fr\">Cliquez ici<\/a>[\/vc_column_text][\/vc_column][vc_column column_width_percent=\u00a0\u00bb100&Prime; gutter_size=\u00a0\u00bb3&Prime; back_color=\u00a0\u00bbcolor-xsdn\u00a0\u00bb overlay_alpha=\u00a0\u00bb50&Prime; radius=\u00a0\u00bbhg\u00a0\u00bb border_color=\u00a0\u00bbcolor-157100&Prime; border_style=\u00a0\u00bbsolid\u00a0\u00bb shift_x=\u00a0\u00bb0&Prime; shift_y=\u00a0\u00bb0&Prime; shift_y_down=\u00a0\u00bb0&Prime; z_index=\u00a0\u00bb0&Prime; medium_width=\u00a0\u00bb0&Prime; mobile_width=\u00a0\u00bb0&Prime; width=\u00a0\u00bb1\/2&Prime; uncode_shortcode_id=\u00a0\u00bb821215&Prime; back_color_type=\u00a0\u00bbuncode-palette\u00a0\u00bb css=\u00a0\u00bb.vc_custom_1752101730537{border-top-width: 1px !important;border-right-width: 1px !important;border-bottom-width: 1px !important;border-left-width: 1px !important;}\u00a0\u00bb border_color_type=\u00a0\u00bbuncode-palette\u00a0\u00bb][vc_custom_heading text_size=\u00a0\u00bbh3&Prime; text_align=\u00a0\u00bbtext-left\u00a0\u00bb text_uppercase=\u00a0\u00bb\u00a0\u00bb uncode_shortcode_id=\u00a0\u00bb354757&Prime; subheading=\u00a0\u00bbSignalez une insatisfaction, un bogue ou sugg\u00e9rez des id\u00e9es pour am\u00e9liorer l&rsquo;application et les services.\u00a0\u00bb]Parlez \u00e0 un superviseur[\/vc_custom_heading][vc_button button_color=\u00a0\u00bbcolor-jevc\u00a0\u00bb wide=\u00a0\u00bbyes\u00a0\u00bb border_width=\u00a0\u00bb0&Prime; scale_mobile=\u00a0\u00bbno\u00a0\u00bb button_color_type=\u00a0\u00bbuncode-palette\u00a0\u00bb uncode_shortcode_id=\u00a0\u00bb163161&Prime; link=\u00a0\u00bburl:https%3A%2F%2Fapp.doctr.ca%2F%3Fep%3Dsupervisor-chat%26lang%3Dfr|title:clavardez%20superviseur\u00a0\u00bb]Clavardez avec un superviseur[\/vc_button][vc_column_text uncode_shortcode_id=\u00a0\u00bb275174&Prime;]Mot de passe oubli\u00e9 ? <a href=\"https:\/\/app.doctr.ca\/request-reset?lang=fr\">Cliquez ici<\/a>[\/vc_column_text][\/vc_column][\/vc_row][vc_row row_height_percent=\u00a0\u00bb0&Prime; override_padding=\u00a0\u00bbyes\u00a0\u00bb h_padding=\u00a0\u00bb2&Prime; top_padding=\u00a0\u00bb0&Prime; bottom_padding=\u00a0\u00bb2&Prime; overlay_alpha=\u00a0\u00bb50&Prime; equal_height=\u00a0\u00bbyes\u00a0\u00bb gutter_size=\u00a0\u00bb3&Prime; column_width_percent=\u00a0\u00bb100&Prime; shift_y=\u00a0\u00bb0&Prime; z_index=\u00a0\u00bb0&Prime; content_parallax=\u00a0\u00bb0&Prime; uncode_shortcode_id=\u00a0\u00bb813442&Prime; back_color_type=\u00a0\u00bbuncode-gradient\u00a0\u00bb back_color_gradient=\u00a0\u00bb{\u00ab\u00a0css\u00ab\u00a0:\u00ab\u00a0background: linear-gradient(to bottom , rgb(250, 246, 243) 13% , rgb(255, 255, 255) 98%);\u00ab\u00a0,\u00ab\u00a0sliders\u00ab\u00a0:`{`{\u00ab\u00a0color\u00ab\u00a0:\u00ab\u00a0rgb(250, 246, 243)\u00ab\u00a0,\u00ab\u00a0position\u00ab\u00a0:13},{\u00ab\u00a0color\u00ab\u00a0:\u00ab\u00a0rgb(255, 255, 255)\u00ab\u00a0,\u00ab\u00a0position\u00ab\u00a0:98}`}`,\u00ab\u00a0type\u00ab\u00a0:\u00ab\u00a0linear\u00ab\u00a0,\u00ab\u00a0direction\u00ab\u00a0:\u00ab\u00a0top\u00ab\u00a0}\u00a0\u00bb][vc_column column_width_percent=\u00a0\u00bb100&Prime; gutter_size=\u00a0\u00bb3&Prime; back_color=\u00a0\u00bbcolor-xsdn\u00a0\u00bb overlay_alpha=\u00a0\u00bb50&Prime; radius=\u00a0\u00bbhg\u00a0\u00bb border_color=\u00a0\u00bbcolor-157100&Prime; border_style=\u00a0\u00bbsolid\u00a0\u00bb shift_x=\u00a0\u00bb0&Prime; shift_y=\u00a0\u00bb0&Prime; shift_y_down=\u00a0\u00bb0&Prime; z_index=\u00a0\u00bb0&Prime; medium_width=\u00a0\u00bb0&Prime; mobile_width=\u00a0\u00bb0&Prime; width=\u00a0\u00bb1\/2&Prime; uncode_shortcode_id=\u00a0\u00bb151317&Prime; back_color_type=\u00a0\u00bbuncode-palette\u00a0\u00bb css=\u00a0\u00bb.vc_custom_1752101678544{border-top-width: 1px !important;border-right-width: 1px !important;border-bottom-width: 1px !important;border-left-width: 1px !important;}\u00a0\u00bb border_color_type=\u00a0\u00bbuncode-palette\u00a0\u00bb][vc_custom_heading text_size=\u00a0\u00bbh3&Prime; text_align=\u00a0\u00bbtext-left\u00a0\u00bb text_uppercase=\u00a0\u00bb\u00a0\u00bb uncode_shortcode_id=\u00a0\u00bb212676&Prime;]Appelez-nous[\/vc_custom_heading][vc_custom_heading heading_semantic=\u00a0\u00bbp\u00a0\u00bb text_align=\u00a0\u00bbtext-left\u00a0\u00bb text_uppercase=\u00a0\u00bb\u00a0\u00bb uncode_shortcode_id=\u00a0\u00bb827932&Prime;](514)-500-9022[\/vc_custom_heading][vc_column_text uncode_shortcode_id=\u00a0\u00bb809795&Prime;]Lundi &#8211; Vendredi : 9AM &#8211; 7PM<br \/>\nSamedi, Dimanche, Jours f\u00e9ri\u00e9s: 10AM &#8211; 6PM[\/vc_column_text][\/vc_column][vc_column column_width_percent=\u00a0\u00bb100&Prime; gutter_size=\u00a0\u00bb3&Prime; overlay_alpha=\u00a0\u00bb50&Prime; shift_x=\u00a0\u00bb0&Prime; shift_y=\u00a0\u00bb0&Prime; shift_y_down=\u00a0\u00bb0&Prime; z_index=\u00a0\u00bb0&Prime; medium_visibility=\u00a0\u00bbyes\u00a0\u00bb medium_width=\u00a0\u00bb0&Prime; mobile_visibility=\u00a0\u00bbyes\u00a0\u00bb mobile_width=\u00a0\u00bb0&Prime; width=\u00a0\u00bb1\/2&Prime; uncode_shortcode_id=\u00a0\u00bb104893&Prime;][\/vc_column][\/vc_row][vc_row row_height_percent=\u00a0\u00bb0&Prime; override_padding=\u00a0\u00bbyes\u00a0\u00bb h_padding=\u00a0\u00bb2&Prime; top_padding=\u00a0\u00bb2&Prime; bottom_padding=\u00a0\u00bb2&Prime; overlay_alpha=\u00a0\u00bb100&Prime; gutter_size=\u00a0\u00bb100&Prime; column_width_percent=\u00a0\u00bb100&Prime; shift_y=\u00a0\u00bb0&Prime; z_index=\u00a0\u00bb0&Prime; content_parallax=\u00a0\u00bb0&Prime; row_width=\u00a0\u00bb1000&Prime; block_height=\u00a0\u00bb0&Prime; back_alpha=\u00a0\u00bb100&Prime; border_size=\u00a0\u00bb1&Prime; style=\u00a0\u00bbinherited\u00a0\u00bb uncode_shortcode_id=\u00a0\u00bb107467&Prime;][vc_column column_width_use_pixel=\u00a0\u00bbyes\u00a0\u00bb gutter_size=\u00a0\u00bb3&Prime; back_color=\u00a0\u00bbcolor-348244&Prime; overlay_alpha=\u00a0\u00bb100&Prime; radius=\u00a0\u00bbhg\u00a0\u00bb shift_x=\u00a0\u00bb0&Prime; shift_y=\u00a0\u00bb0&Prime; shift_y_down=\u00a0\u00bb0&Prime; z_index=\u00a0\u00bb0&Prime; medium_width=\u00a0\u00bb0&Prime; mobile_width=\u00a0\u00bb0&Prime; zoom_width=\u00a0\u00bb0&Prime; zoom_height=\u00a0\u00bb0&Prime; width=\u00a0\u00bb1\/1&Prime; max_width=\u00a0\u00bb100&Prime; align_vertical=\u00a0\u00bbtop\u00a0\u00bb back_alpha=\u00a0\u00bb100&Prime; column_width_pixel=\u00a0\u00bb900&Prime; uncode_shortcode_id=\u00a0\u00bb926097&Prime; back_color_type=\u00a0\u00bbuncode-palette\u00a0\u00bb][vc_custom_heading text_size=\u00a0\u00bbh3&Prime; text_align=\u00a0\u00bbtext-left\u00a0\u00bb text_uppercase=\u00a0\u00bb\u00a0\u00bb uncode_shortcode_id=\u00a0\u00bb356282&Prime; subheading=\u00a0\u00bbUtilisez le formulaire ci-dessous si les options ci-dessus ne sont pas possibles pour vous. Veuillez ne pas partager d&rsquo;informations m\u00e9dicales via ce formulaire.\u00a0\u00bb]Formulaire de contact[\/vc_custom_heading]\n<div class=\"wpcf7 no-js\" id=\"wpcf7-f541-o1\" lang=\"fr-CA\" dir=\"ltr\" data-wpcf7-id=\"541\">\n<div class=\"screen-reader-response\"><p role=\"status\" aria-live=\"polite\" aria-atomic=\"true\"><\/p> <ul><\/ul><\/div>\n<form action=\"\/fr\/wp-json\/wp\/v2\/pages\/533#wpcf7-f541-o1\" method=\"post\" class=\"wpcf7-form init\" aria-label=\"Contact form\" novalidate=\"novalidate\" data-status=\"init\">\n<fieldset class=\"hidden-fields-container\"><input type=\"hidden\" name=\"_wpcf7\" value=\"541\" \/><input type=\"hidden\" name=\"_wpcf7_version\" value=\"6.1.5\" \/><input type=\"hidden\" name=\"_wpcf7_locale\" value=\"fr_CA\" \/><input type=\"hidden\" name=\"_wpcf7_unit_tag\" value=\"wpcf7-f541-o1\" \/><input type=\"hidden\" name=\"_wpcf7_container_post\" value=\"0\" \/><input type=\"hidden\" name=\"_wpcf7_posted_data_hash\" value=\"\" \/><input type=\"hidden\" name=\"_wpcf7_recaptcha_response\" value=\"\" \/>\n<\/fieldset>\n<p>Votre nom*\n<\/p>\n<p><span class=\"wpcf7-form-control-wrap\" data-name=\"your-firstname\"><input size=\"40\" maxlength=\"400\" class=\"wpcf7-form-control wpcf7-text wpcf7-validates-as-required form-fluid\" aria-required=\"true\" aria-invalid=\"false\" value=\"\" type=\"text\" name=\"your-firstname\" \/><\/span>\n<\/p>\n<p>Courriel*\n<\/p>\n<p><span class=\"wpcf7-form-control-wrap\" data-name=\"your-email\"><input size=\"40\" maxlength=\"400\" class=\"wpcf7-form-control wpcf7-email wpcf7-validates-as-required wpcf7-text wpcf7-validates-as-email form-fluid\" aria-required=\"true\" aria-invalid=\"false\" value=\"\" type=\"email\" name=\"your-email\" \/><\/span>\n<\/p>\n<p>Message*\n<\/p>\n<p><span class=\"wpcf7-form-control-wrap\" data-name=\"your-message\"><textarea cols=\"40\" rows=\"8\" maxlength=\"2000\" class=\"wpcf7-form-control wpcf7-textarea wpcf7-validates-as-required\" aria-required=\"true\" aria-invalid=\"false\" name=\"your-message\"><\/textarea><\/span>\n<\/p>\n<p><input class=\"wpcf7-form-control wpcf7-submit has-spinner btn btn-accent\" type=\"submit\" value=\"Envoyer\" \/>\n<\/p><div class=\"wpcf7-response-output\" aria-hidden=\"true\"><\/div>\n<\/form>\n<\/div>\n[\/vc_column][\/vc_row]<\/p>\n<\/div>","protected":false},"excerpt":{"rendered":"<p>[vc_row row_height_percent=\u00a0\u00bb0&Prime; back_color=\u00a0\u00bbcolor-faf6f3&Prime; overlay_alpha=\u00a0\u00bb50&Prime; gutter_size=\u00a0\u00bb3&Prime; column_width_percent=\u00a0\u00bb100&Prime; shift_y=\u00a0\u00bb0&Prime; z_index=\u00a0\u00bb0&Prime; content_parallax=\u00a0\u00bb0&Prime; uncode_shortcode_id=\u00a0\u00bb168984&Prime; back_color_type=\u00a0\u00bbuncode-palette\u00a0\u00bb][vc_column column_width_percent=\u00a0\u00bb100&Prime; gutter_size=\u00a0\u00bb3&Prime; back_color=\u00a0\u00bbcolor-xsdn\u00a0\u00bb overlay_alpha=\u00a0\u00bb50&Prime; radius=\u00a0\u00bbhg\u00a0\u00bb border_color=\u00a0\u00bbcolor-157100&Prime; border_style=\u00a0\u00bbsolid\u00a0\u00bb shift_x=\u00a0\u00bb0&Prime; shift_y=\u00a0\u00bb0&Prime; [&hellip;]<\/p>\n","protected":false},"author":1,"featured_media":0,"parent":0,"menu_order":0,"comment_status":"closed","ping_status":"closed","template":"","meta":{"footnotes":""},"class_list":["post-533","page","type-page","status-publish","hentry"],"yoast_head":"<!-- This site is optimized with the Yoast SEO plugin v27.4 - https:\/\/yoast.com\/product\/yoast-seo-wordpress\/ -->\n<title>Contactez-nous - Doctr<\/title>\n<meta name=\"description\" content=\"Vous avez des questions ou besoin d&#039;aide? Contactez-nous directement. Joignez notre \u00e9quipe par t\u00e9l\u00e9phone, courriel ou via notre formulaire.\" \/>\n<meta name=\"robots\" content=\"index, follow, max-snippet:-1, max-image-preview:large, max-video-preview:-1\" \/>\n<link rel=\"canonical\" href=\"https:\/\/wordpress.prod.doctr.ca\/fr\/contactez-nous\/\" \/>\n<meta property=\"og:locale\" content=\"fr_CA\" \/>\n<meta property=\"og:type\" content=\"article\" \/>\n<meta property=\"og:title\" content=\"Contactez-nous - Doctr\" \/>\n<meta property=\"og:description\" content=\"Vous avez des questions ou besoin d&#039;aide? Contactez-nous directement. Joignez notre \u00e9quipe par t\u00e9l\u00e9phone, courriel ou via notre formulaire.\" \/>\n<meta property=\"og:url\" content=\"https:\/\/wordpress.prod.doctr.ca\/fr\/contactez-nous\/\" \/>\n<meta property=\"og:site_name\" content=\"Doctr - Clinique virtuelle\" \/>\n<meta property=\"article:publisher\" content=\"https:\/\/www.facebook.com\/doctr.ca\" \/>\n<meta property=\"article:modified_time\" content=\"2025-07-21T13:25:23+00:00\" \/>\n<meta property=\"og:image\" content=\"https:\/\/www.doctr.ca\/wp-content\/uploads\/Doctr_social.jpg\" \/>\n\t<meta property=\"og:image:width\" content=\"1200\" \/>\n\t<meta property=\"og:image:height\" content=\"630\" \/>\n\t<meta property=\"og:image:type\" content=\"image\/jpeg\" \/>\n<meta name=\"twitter:card\" content=\"summary_large_image\" \/>\n<meta name=\"twitter:title\" content=\"Contactez-nous - Doctr\" \/>\n<meta name=\"twitter:description\" content=\"Vous avez des questions ou besoin d&#039;aide? Contactez-nous directement. Joignez notre \u00e9quipe par t\u00e9l\u00e9phone, courriel ou via notre formulaire.\" \/>\n<meta name=\"twitter:image\" content=\"https:\/\/wordpress.prod.doctr.ca\/wp-content\/uploads\/Doctr_social.jpg\" \/>\n<meta name=\"twitter:label1\" content=\"Estimation du temps de lecture\" \/>\n\t<meta name=\"twitter:data1\" content=\"2 minutes\" \/>\n<script type=\"application\/ld+json\" class=\"yoast-schema-graph\">{\"@context\":\"https:\\\/\\\/schema.org\",\"@graph\":[{\"@type\":\"WebPage\",\"@id\":\"https:\\\/\\\/wordpress.prod.doctr.ca\\\/fr\\\/contactez-nous\\\/\",\"url\":\"https:\\\/\\\/wordpress.prod.doctr.ca\\\/fr\\\/contactez-nous\\\/\",\"name\":\"Contactez-nous - Doctr\",\"isPartOf\":{\"@id\":\"https:\\\/\\\/wordpress.prod.doctr.ca\\\/fr\\\/#website\"},\"datePublished\":\"2025-07-11T17:45:08+00:00\",\"dateModified\":\"2025-07-21T13:25:23+00:00\",\"description\":\"Vous avez des questions ou besoin d'aide? Contactez-nous directement. Joignez notre \u00e9quipe par t\u00e9l\u00e9phone, courriel ou via notre formulaire.\",\"breadcrumb\":{\"@id\":\"https:\\\/\\\/wordpress.prod.doctr.ca\\\/fr\\\/contactez-nous\\\/#breadcrumb\"},\"inLanguage\":\"fr-CA\",\"potentialAction\":[{\"@type\":\"ReadAction\",\"target\":[\"https:\\\/\\\/wordpress.prod.doctr.ca\\\/fr\\\/contactez-nous\\\/\"]}]},{\"@type\":\"BreadcrumbList\",\"@id\":\"https:\\\/\\\/wordpress.prod.doctr.ca\\\/fr\\\/contactez-nous\\\/#breadcrumb\",\"itemListElement\":[{\"@type\":\"ListItem\",\"position\":1,\"name\":\"Home\",\"item\":\"https:\\\/\\\/wordpress.prod.doctr.ca\\\/fr\\\/\"},{\"@type\":\"ListItem\",\"position\":2,\"name\":\"Contactez-nous\"}]},{\"@type\":\"WebSite\",\"@id\":\"https:\\\/\\\/wordpress.prod.doctr.ca\\\/fr\\\/#website\",\"url\":\"https:\\\/\\\/wordpress.prod.doctr.ca\\\/fr\\\/\",\"name\":\"Doctr - Virtual Clinic\",\"description\":\"Consultez un m\u00e9decin aujourd&#039;hui\",\"publisher\":{\"@id\":\"https:\\\/\\\/wordpress.prod.doctr.ca\\\/fr\\\/#organization\"},\"potentialAction\":[{\"@type\":\"SearchAction\",\"target\":{\"@type\":\"EntryPoint\",\"urlTemplate\":\"https:\\\/\\\/wordpress.prod.doctr.ca\\\/fr\\\/?s={search_term_string}\"},\"query-input\":{\"@type\":\"PropertyValueSpecification\",\"valueRequired\":true,\"valueName\":\"search_term_string\"}}],\"inLanguage\":\"fr-CA\"},{\"@type\":\"Organization\",\"@id\":\"https:\\\/\\\/wordpress.prod.doctr.ca\\\/fr\\\/#organization\",\"name\":\"Doctr - Virtual Clinic\",\"url\":\"https:\\\/\\\/wordpress.prod.doctr.ca\\\/fr\\\/\",\"logo\":{\"@type\":\"ImageObject\",\"inLanguage\":\"fr-CA\",\"@id\":\"https:\\\/\\\/wordpress.prod.doctr.ca\\\/fr\\\/#\\\/schema\\\/logo\\\/image\\\/\",\"url\":\"https:\\\/\\\/www.doctr.ca\\\/wp-content\\\/uploads\\\/Logo.svg\",\"contentUrl\":\"https:\\\/\\\/www.doctr.ca\\\/wp-content\\\/uploads\\\/Logo.svg\",\"width\":95,\"height\":40,\"caption\":\"Doctr - Virtual Clinic\"},\"image\":{\"@id\":\"https:\\\/\\\/wordpress.prod.doctr.ca\\\/fr\\\/#\\\/schema\\\/logo\\\/image\\\/\"},\"sameAs\":[\"https:\\\/\\\/www.facebook.com\\\/doctr.ca\",\"https:\\\/\\\/www.instagram.com\\\/doctrapp\\\/\"]}]}<\/script>\n<!-- \/ Yoast SEO plugin. -->","yoast_head_json":{"title":"Contactez-nous - Doctr","description":"Vous avez des questions ou besoin d'aide? Contactez-nous directement. Joignez notre \u00e9quipe par t\u00e9l\u00e9phone, courriel ou via notre formulaire.","robots":{"index":"index","follow":"follow","max-snippet":"max-snippet:-1","max-image-preview":"max-image-preview:large","max-video-preview":"max-video-preview:-1"},"canonical":"https:\/\/wordpress.prod.doctr.ca\/fr\/contactez-nous\/","og_locale":"fr_CA","og_type":"article","og_title":"Contactez-nous - Doctr","og_description":"Vous avez des questions ou besoin d'aide? Contactez-nous directement. Joignez notre \u00e9quipe par t\u00e9l\u00e9phone, courriel ou via notre formulaire.","og_url":"https:\/\/wordpress.prod.doctr.ca\/fr\/contactez-nous\/","og_site_name":"Doctr - Clinique virtuelle","article_publisher":"https:\/\/www.facebook.com\/doctr.ca","article_modified_time":"2025-07-21T13:25:23+00:00","og_image":[{"width":1200,"height":630,"url":"https:\/\/www.doctr.ca\/wp-content\/uploads\/Doctr_social.jpg","type":"image\/jpeg"}],"twitter_card":"summary_large_image","twitter_title":"Contactez-nous - Doctr","twitter_description":"Vous avez des questions ou besoin d'aide? Contactez-nous directement. Joignez notre \u00e9quipe par t\u00e9l\u00e9phone, courriel ou via notre formulaire.","twitter_image":"https:\/\/wordpress.prod.doctr.ca\/wp-content\/uploads\/Doctr_social.jpg","twitter_misc":{"Estimation du temps de lecture":"2 minutes"},"schema":{"@context":"https:\/\/schema.org","@graph":[{"@type":"WebPage","@id":"https:\/\/wordpress.prod.doctr.ca\/fr\/contactez-nous\/","url":"https:\/\/wordpress.prod.doctr.ca\/fr\/contactez-nous\/","name":"Contactez-nous - Doctr","isPartOf":{"@id":"https:\/\/wordpress.prod.doctr.ca\/fr\/#website"},"datePublished":"2025-07-11T17:45:08+00:00","dateModified":"2025-07-21T13:25:23+00:00","description":"Vous avez des questions ou besoin d'aide? Contactez-nous directement. Joignez notre \u00e9quipe par t\u00e9l\u00e9phone, courriel ou via notre formulaire.","breadcrumb":{"@id":"https:\/\/wordpress.prod.doctr.ca\/fr\/contactez-nous\/#breadcrumb"},"inLanguage":"fr-CA","potentialAction":[{"@type":"ReadAction","target":["https:\/\/wordpress.prod.doctr.ca\/fr\/contactez-nous\/"]}]},{"@type":"BreadcrumbList","@id":"https:\/\/wordpress.prod.doctr.ca\/fr\/contactez-nous\/#breadcrumb","itemListElement":[{"@type":"ListItem","position":1,"name":"Home","item":"https:\/\/wordpress.prod.doctr.ca\/fr\/"},{"@type":"ListItem","position":2,"name":"Contactez-nous"}]},{"@type":"WebSite","@id":"https:\/\/wordpress.prod.doctr.ca\/fr\/#website","url":"https:\/\/wordpress.prod.doctr.ca\/fr\/","name":"Doctr - Virtual Clinic","description":"Consultez un m\u00e9decin aujourd&#039;hui","publisher":{"@id":"https:\/\/wordpress.prod.doctr.ca\/fr\/#organization"},"potentialAction":[{"@type":"SearchAction","target":{"@type":"EntryPoint","urlTemplate":"https:\/\/wordpress.prod.doctr.ca\/fr\/?s={search_term_string}"},"query-input":{"@type":"PropertyValueSpecification","valueRequired":true,"valueName":"search_term_string"}}],"inLanguage":"fr-CA"},{"@type":"Organization","@id":"https:\/\/wordpress.prod.doctr.ca\/fr\/#organization","name":"Doctr - Virtual Clinic","url":"https:\/\/wordpress.prod.doctr.ca\/fr\/","logo":{"@type":"ImageObject","inLanguage":"fr-CA","@id":"https:\/\/wordpress.prod.doctr.ca\/fr\/#\/schema\/logo\/image\/","url":"https:\/\/www.doctr.ca\/wp-content\/uploads\/Logo.svg","contentUrl":"https:\/\/www.doctr.ca\/wp-content\/uploads\/Logo.svg","width":95,"height":40,"caption":"Doctr - Virtual Clinic"},"image":{"@id":"https:\/\/wordpress.prod.doctr.ca\/fr\/#\/schema\/logo\/image\/"},"sameAs":["https:\/\/www.facebook.com\/doctr.ca","https:\/\/www.instagram.com\/doctrapp\/"]}]}},"_links":{"self":[{"href":"https:\/\/wordpress.prod.doctr.ca\/fr\/wp-json\/wp\/v2\/pages\/533","targetHints":{"allow":["GET"]}}],"collection":[{"href":"https:\/\/wordpress.prod.doctr.ca\/fr\/wp-json\/wp\/v2\/pages"}],"about":[{"href":"https:\/\/wordpress.prod.doctr.ca\/fr\/wp-json\/wp\/v2\/types\/page"}],"author":[{"embeddable":true,"href":"https:\/\/wordpress.prod.doctr.ca\/fr\/wp-json\/wp\/v2\/users\/1"}],"replies":[{"embeddable":true,"href":"https:\/\/wordpress.prod.doctr.ca\/fr\/wp-json\/wp\/v2\/comments?post=533"}],"version-history":[{"count":6,"href":"https:\/\/wordpress.prod.doctr.ca\/fr\/wp-json\/wp\/v2\/pages\/533\/revisions"}],"predecessor-version":[{"id":674,"href":"https:\/\/wordpress.prod.doctr.ca\/fr\/wp-json\/wp\/v2\/pages\/533\/revisions\/674"}],"wp:attachment":[{"href":"https:\/\/wordpress.prod.doctr.ca\/fr\/wp-json\/wp\/v2\/media?parent=533"}],"curies":[{"name":"wp","href":"https:\/\/api.w.org\/{rel}","templated":true}]}}