{"id":573,"date":"2025-07-16T13:52:21","date_gmt":"2025-07-16T13:52:21","guid":{"rendered":"https:\/\/wordpress.prod.doctr.ca\/business\/"},"modified":"2026-02-04T19:07:12","modified_gmt":"2026-02-04T19:07:12","slug":"business","status":"publish","type":"page","link":"https:\/\/wordpress.prod.doctr.ca\/fr\/business\/","title":{"rendered":"Business"},"content":{"rendered":"<div class=\"wpb-content-wrapper\"><p>[vc_row row_height_percent=\u00a0\u00bb0&Prime; override_padding=\u00a0\u00bbyes\u00a0\u00bb h_padding=\u00a0\u00bb2&Prime; top_padding=\u00a0\u00bb3&Prime; bottom_padding=\u00a0\u00bb2&Prime; overlay_alpha=\u00a0\u00bb50&Prime; gutter_size=\u00a0\u00bb3&Prime; column_width_percent=\u00a0\u00bb100&Prime; shift_y=\u00a0\u00bb0&Prime; z_index=\u00a0\u00bb0&Prime; content_parallax=\u00a0\u00bb0&Prime; uncode_shortcode_id=\u00a0\u00bb318815&Prime; back_color_type=\u00a0\u00bbuncode-gradient\u00a0\u00bb back_color_gradient=\u00a0\u00bb{\u00ab\u00a0css\u00ab\u00a0:\u00ab\u00a0background: linear-gradient(to bottom , rgb(250, 246, 243) 42% , rgb(255, 255, 255) 77%);\u00ab\u00a0,\u00ab\u00a0sliders\u00ab\u00a0:`{`{\u00ab\u00a0color\u00ab\u00a0:\u00ab\u00a0rgb(250, 246, 243)\u00ab\u00a0,\u00ab\u00a0position\u00ab\u00a0:42},{\u00ab\u00a0color\u00ab\u00a0:\u00ab\u00a0rgb(255, 255, 255)\u00ab\u00a0,\u00ab\u00a0position\u00ab\u00a0:77}`}`,\u00ab\u00a0type\u00ab\u00a0:\u00ab\u00a0linear\u00ab\u00a0,\u00ab\u00a0direction\u00ab\u00a0:\u00ab\u00a0top\u00ab\u00a0}\u00a0\u00bb][vc_column column_width_percent=\u00a0\u00bb100&Prime; align_horizontal=\u00a0\u00bbalign_center\u00a0\u00bb gutter_size=\u00a0\u00bb3&Prime; overlay_alpha=\u00a0\u00bb50&Prime; shift_x=\u00a0\u00bb0&Prime; shift_y=\u00a0\u00bb0&Prime; shift_y_down=\u00a0\u00bb0&Prime; z_index=\u00a0\u00bb0&Prime; medium_width=\u00a0\u00bb0&Prime; mobile_width=\u00a0\u00bb0&Prime; width=\u00a0\u00bb1\/1&Prime; uncode_shortcode_id=\u00a0\u00bb252662&Prime;][vc_custom_heading sub_reduced=\u00a0\u00bbyes\u00a0\u00bb uncode_shortcode_id=\u00a0\u00bb743537&Prime;]Nos solutions[\/vc_custom_heading][vc_row_inner row_inner_height_percent=\u00a0\u00bb0&Prime; overlay_alpha=\u00a0\u00bb50&Prime; equal_height=\u00a0\u00bbyes\u00a0\u00bb gutter_size=\u00a0\u00bb3&Prime; shift_y=\u00a0\u00bb0&Prime; z_index=\u00a0\u00bb0&Prime; uncode_shortcode_id=\u00a0\u00bb103316&Prime;][vc_column_inner column_width_percent=\u00a0\u00bb100&Prime; gutter_size=\u00a0\u00bb3&Prime; back_color=\u00a0\u00bbcolor-xsdn\u00a0\u00bb overlay_alpha=\u00a0\u00bb50&Prime; radius=\u00a0\u00bbhg\u00a0\u00bb border_color=\u00a0\u00bbcolor-157100&Prime; border_style=\u00a0\u00bbsolid\u00a0\u00bb shift_x=\u00a0\u00bb0&Prime; shift_y=\u00a0\u00bb0&Prime; shift_y_down=\u00a0\u00bb0&Prime; z_index=\u00a0\u00bb0&Prime; medium_width=\u00a0\u00bb0&Prime; mobile_width=\u00a0\u00bb0&Prime; width=\u00a0\u00bb1\/1&Prime; uncode_shortcode_id=\u00a0\u00bb213804&Prime; back_color_type=\u00a0\u00bbuncode-palette\u00a0\u00bb css=\u00a0\u00bb.vc_custom_1752065618292{border-top-width: 1px !important;border-right-width: 1px !important;border-bottom-width: 1px !important;border-left-width: 1px !important;}\u00a0\u00bb border_color_type=\u00a0\u00bbuncode-palette\u00a0\u00bb][vc_custom_heading heading_semantic=\u00a0\u00bbh3&Prime; text_size=\u00a0\u00bbh3&Prime; sub_lead=\u00a0\u00bbsmall\u00a0\u00bb sub_reduced=\u00a0\u00bbyes\u00a0\u00bb uncode_shortcode_id=\u00a0\u00bb886820&Prime;]Navigation dans le syst\u00e8me de sant\u00e9[\/vc_custom_heading][uncode_list icon=\u00a0\u00bbfa fa-circle\u00a0\u00bb icon_color=\u00a0\u00bbcolor-d63838&Prime; uncode_shortcode_id=\u00a0\u00bb136144&Prime; icon_color_type=\u00a0\u00bbuncode-palette\u00a0\u00bb]Naviguer dans le syst\u00e8me de sant\u00e9 est souvent complexe et chronophage. Nous simplifions cette exp\u00e9rience en connectant les patients avec le bon professionnel de la sant\u00e9. Notre service tire parti de :<\/p>\n<ul>\n<li>Une \u00e9quipe d&rsquo;infirmi\u00e8res d\u00e9di\u00e9es pour trier et comprendre les besoins des patients.<\/li>\n<li>Une base de donn\u00e9es compl\u00e8te de ressources de sant\u00e9, continuellement mise \u00e0 jour par notre technologie d&rsquo;IA exclusive.<\/li>\n<li>Une \u00e9quipe de coordonnateurs de soins qui trouvent et r\u00e9servent des rendez-vous en votre nom.<\/li>\n<li>Un r\u00e9seau de cliniques partenaires.<\/li>\n<\/ul>\n<p>[\/uncode_list][\/vc_column_inner][\/vc_row_inner][vc_row_inner row_inner_height_percent=\u00a0\u00bb0&Prime; overlay_alpha=\u00a0\u00bb50&Prime; equal_height=\u00a0\u00bbyes\u00a0\u00bb gutter_size=\u00a0\u00bb3&Prime; shift_y=\u00a0\u00bb0&Prime; z_index=\u00a0\u00bb0&Prime; uncode_shortcode_id=\u00a0\u00bb103316&Prime;][vc_column_inner column_width_percent=\u00a0\u00bb100&Prime; gutter_size=\u00a0\u00bb3&Prime; back_color=\u00a0\u00bbcolor-xsdn\u00a0\u00bb overlay_alpha=\u00a0\u00bb50&Prime; radius=\u00a0\u00bbhg\u00a0\u00bb border_color=\u00a0\u00bbcolor-157100&Prime; border_style=\u00a0\u00bbsolid\u00a0\u00bb shift_x=\u00a0\u00bb0&Prime; shift_y=\u00a0\u00bb0&Prime; shift_y_down=\u00a0\u00bb0&Prime; z_index=\u00a0\u00bb0&Prime; medium_width=\u00a0\u00bb0&Prime; mobile_width=\u00a0\u00bb0&Prime; width=\u00a0\u00bb1\/1&Prime; uncode_shortcode_id=\u00a0\u00bb213804&Prime; back_color_type=\u00a0\u00bbuncode-palette\u00a0\u00bb css=\u00a0\u00bb.vc_custom_1752065618292{border-top-width: 1px !important;border-right-width: 1px !important;border-bottom-width: 1px !important;border-left-width: 1px !important;}\u00a0\u00bb border_color_type=\u00a0\u00bbuncode-palette\u00a0\u00bb][vc_custom_heading heading_semantic=\u00a0\u00bbh3&Prime; text_size=\u00a0\u00bbh3&Prime; sub_lead=\u00a0\u00bbsmall\u00a0\u00bb sub_reduced=\u00a0\u00bbyes\u00a0\u00bb uncode_shortcode_id=\u00a0\u00bb659268&Prime;]Consultations virtuelles[\/vc_custom_heading][vc_column_text uncode_shortcode_id=\u00a0\u00bb204867&Prime;]\u00c9pargnez-vous un d\u00e9placement \u00e0 la clinique. Connectez-vous avec des professionnels de la sant\u00e9 en ligne gr\u00e2ce \u00e0 notre application web et mobile pratique.[\/vc_column_text][\/vc_column_inner][\/vc_row_inner][\/vc_column][\/vc_row][vc_row row_height_percent=\u00a0\u00bb0&Prime; overlay_alpha=\u00a0\u00bb50&Prime; gutter_size=\u00a0\u00bb3&Prime; column_width_percent=\u00a0\u00bb100&Prime; shift_y=\u00a0\u00bb0&Prime; z_index=\u00a0\u00bb0&Prime; content_parallax=\u00a0\u00bb0&Prime; uncode_shortcode_id=\u00a0\u00bb636339&Prime; row_name=\u00a0\u00bbcontact\u00a0\u00bb][vc_column column_width_percent=\u00a0\u00bb100&Prime; gutter_size=\u00a0\u00bb3&Prime; back_color=\u00a0\u00bbcolor-348244&Prime; overlay_alpha=\u00a0\u00bb50&Prime; radius=\u00a0\u00bbhg\u00a0\u00bb shift_x=\u00a0\u00bb0&Prime; shift_y=\u00a0\u00bb0&Prime; shift_y_down=\u00a0\u00bb0&Prime; z_index=\u00a0\u00bb0&Prime; medium_width=\u00a0\u00bb0&Prime; mobile_width=\u00a0\u00bb0&Prime; width=\u00a0\u00bb1\/1&Prime; uncode_shortcode_id=\u00a0\u00bb516208&Prime; back_color_type=\u00a0\u00bbuncode-palette\u00a0\u00bb][vc_custom_heading sub_reduced=\u00a0\u00bbyes\u00a0\u00bb uncode_shortcode_id=\u00a0\u00bb952322&Prime;]Contactez-nous[\/vc_custom_heading]\n<div class=\"wpcf7 no-js\" id=\"wpcf7-f583-o1\" lang=\"fr-CA\" dir=\"ltr\" data-wpcf7-id=\"583\">\n<div class=\"screen-reader-response\"><p role=\"status\" aria-live=\"polite\" aria-atomic=\"true\"><\/p> <ul><\/ul><\/div>\n<form action=\"\/fr\/wp-json\/wp\/v2\/pages\/573#wpcf7-f583-o1\" method=\"post\" class=\"wpcf7-form init no-labels-default form-no-labels\" aria-label=\"Contact form\" novalidate=\"novalidate\" data-status=\"init\">\n<fieldset class=\"hidden-fields-container\"><input type=\"hidden\" name=\"_wpcf7\" value=\"583\" \/><input type=\"hidden\" name=\"_wpcf7_version\" value=\"6.1.5\" \/><input type=\"hidden\" name=\"_wpcf7_locale\" value=\"fr_CA\" \/><input type=\"hidden\" name=\"_wpcf7_unit_tag\" value=\"wpcf7-f583-o1\" \/><input type=\"hidden\" name=\"_wpcf7_container_post\" value=\"0\" \/><input type=\"hidden\" name=\"_wpcf7_posted_data_hash\" value=\"\" \/><input type=\"hidden\" name=\"_wpcf7_recaptcha_response\" value=\"\" \/>\n<\/fieldset>\n<p>Votre nom*\n<\/p>\n<p><span class=\"wpcf7-form-control-wrap\" data-name=\"your-firstname\"><input size=\"40\" maxlength=\"400\" class=\"wpcf7-form-control wpcf7-text wpcf7-validates-as-required form-fluid\" aria-required=\"true\" aria-invalid=\"false\" value=\"\" type=\"text\" name=\"your-firstname\" \/><\/span>\n<\/p>\n<p>Courriel*\n<\/p>\n<p><span class=\"wpcf7-form-control-wrap\" data-name=\"your-email\"><input size=\"40\" maxlength=\"400\" class=\"wpcf7-form-control wpcf7-email wpcf7-validates-as-required wpcf7-text wpcf7-validates-as-email form-fluid\" aria-required=\"true\" aria-invalid=\"false\" value=\"\" type=\"email\" name=\"your-email\" \/><\/span>\n<\/p>\n<p>T\u00e9l\u00e9phone*\n<\/p>\n<p><span class=\"wpcf7-form-control-wrap\" data-name=\"phone\"><input size=\"40\" maxlength=\"400\" class=\"wpcf7-form-control wpcf7-tel wpcf7-validates-as-required wpcf7-text wpcf7-validates-as-tel form-fluid\" aria-required=\"true\" aria-invalid=\"false\" value=\"\" type=\"tel\" name=\"phone\" \/><\/span>\n<\/p>\n<p>Votre organisation*\n<\/p>\n<p><span class=\"wpcf7-form-control-wrap\" data-name=\"organization\"><input size=\"40\" maxlength=\"400\" class=\"wpcf7-form-control wpcf7-text wpcf7-validates-as-required form-fluid\" aria-required=\"true\" aria-invalid=\"false\" value=\"\" type=\"text\" name=\"organization\" \/><\/span>\n<\/p>\n<p>Nombre de membres\/employ\u00e9s*\n<\/p>\n<p><span class=\"wpcf7-form-control-wrap\" data-name=\"members\"><input size=\"40\" maxlength=\"400\" class=\"wpcf7-form-control wpcf7-text wpcf7-validates-as-required form-fluid\" aria-required=\"true\" aria-invalid=\"false\" value=\"\" type=\"text\" name=\"members\" \/><\/span>\n<\/p>\n<p>Notes additionnelles*\n<\/p>\n<p><span class=\"wpcf7-form-control-wrap\" data-name=\"your-message\"><textarea cols=\"40\" rows=\"8\" maxlength=\"2000\" class=\"wpcf7-form-control wpcf7-textarea wpcf7-validates-as-required\" aria-required=\"true\" aria-invalid=\"false\" name=\"your-message\"><\/textarea><\/span>\n<\/p>\n<p><input class=\"wpcf7-form-control wpcf7-submit has-spinner btn btn-accent\" type=\"submit\" value=\"Envoyer\" \/>\n<\/p><div class=\"wpcf7-response-output\" aria-hidden=\"true\"><\/div>\n<\/form>\n<\/div>\n[\/vc_column][\/vc_row]<\/p>\n<\/div>","protected":false},"excerpt":{"rendered":"<p>[vc_row row_height_percent=\u00a0\u00bb0&Prime; override_padding=\u00a0\u00bbyes\u00a0\u00bb h_padding=\u00a0\u00bb2&Prime; top_padding=\u00a0\u00bb3&Prime; bottom_padding=\u00a0\u00bb2&Prime; overlay_alpha=\u00a0\u00bb50&Prime; gutter_size=\u00a0\u00bb3&Prime; column_width_percent=\u00a0\u00bb100&Prime; shift_y=\u00a0\u00bb0&Prime; z_index=\u00a0\u00bb0&Prime; content_parallax=\u00a0\u00bb0&Prime; uncode_shortcode_id=\u00a0\u00bb318815&Prime; back_color_type=\u00a0\u00bbuncode-gradient\u00a0\u00bb back_color_gradient=\u00a0\u00bb{\u00ab\u00a0css\u00ab\u00a0:\u00ab\u00a0background: linear-gradient(to bottom , rgb(250, 246, [&hellip;]<\/p>\n","protected":false},"author":1,"featured_media":0,"parent":0,"menu_order":0,"comment_status":"closed","ping_status":"closed","template":"","meta":{"footnotes":""},"class_list":["post-573","page","type-page","status-publish","hentry"],"yoast_head":"<!-- This site is optimized with the Yoast SEO plugin v27.4 - https:\/\/yoast.com\/product\/yoast-seo-wordpress\/ -->\n<title>Solutions d&#039;entreprise - Doctr<\/title>\n<meta name=\"description\" content=\"Offrez \u00e0 vos employ\u00e9s et membres de r\u00e9gime un acc\u00e8s facile \u00e0 des services de sant\u00e9 virtuels et \u00e0 une navigation de soins personnalis\u00e9e.\" \/>\n<meta name=\"robots\" content=\"index, follow, max-snippet:-1, max-image-preview:large, max-video-preview:-1\" \/>\n<link rel=\"canonical\" href=\"https:\/\/wordpress.prod.doctr.ca\/fr\/business\/\" \/>\n<meta property=\"og:locale\" content=\"fr_CA\" \/>\n<meta property=\"og:type\" content=\"article\" \/>\n<meta property=\"og:title\" content=\"Solutions d&#039;entreprise - Doctr\" \/>\n<meta property=\"og:description\" content=\"Offrez \u00e0 vos employ\u00e9s et membres de r\u00e9gime un acc\u00e8s facile \u00e0 des services de sant\u00e9 virtuels et \u00e0 une navigation de soins personnalis\u00e9e.\" \/>\n<meta property=\"og:url\" content=\"https:\/\/wordpress.prod.doctr.ca\/fr\/business\/\" \/>\n<meta property=\"og:site_name\" content=\"Doctr - Clinique virtuelle\" \/>\n<meta property=\"article:publisher\" content=\"https:\/\/www.facebook.com\/doctr.ca\" \/>\n<meta property=\"article:modified_time\" content=\"2026-02-04T19:07:12+00:00\" \/>\n<meta property=\"og:image\" content=\"https:\/\/www.doctr.ca\/wp-content\/uploads\/Doctr_social.jpg\" \/>\n\t<meta property=\"og:image:width\" content=\"1200\" \/>\n\t<meta property=\"og:image:height\" content=\"630\" \/>\n\t<meta property=\"og:image:type\" content=\"image\/jpeg\" \/>\n<meta name=\"twitter:card\" content=\"summary_large_image\" \/>\n<meta name=\"twitter:title\" content=\"Solutions d&#039;entreprise - Doctr\" \/>\n<meta name=\"twitter:description\" content=\"Offrez \u00e0 vos employ\u00e9s et membres de r\u00e9gime un acc\u00e8s facile \u00e0 des services de sant\u00e9 virtuels et \u00e0 une navigation de soins personnalis\u00e9e.\" \/>\n<meta name=\"twitter:image\" content=\"https:\/\/wordpress.prod.doctr.ca\/wp-content\/uploads\/Doctr_social.jpg\" \/>\n<meta name=\"twitter:label1\" content=\"Estimation du temps de lecture\" \/>\n\t<meta name=\"twitter:data1\" content=\"2 minutes\" \/>\n<script type=\"application\/ld+json\" class=\"yoast-schema-graph\">{\"@context\":\"https:\\\/\\\/schema.org\",\"@graph\":[{\"@type\":\"WebPage\",\"@id\":\"https:\\\/\\\/wordpress.prod.doctr.ca\\\/fr\\\/business\\\/\",\"url\":\"https:\\\/\\\/wordpress.prod.doctr.ca\\\/fr\\\/business\\\/\",\"name\":\"Solutions d'entreprise - Doctr\",\"isPartOf\":{\"@id\":\"https:\\\/\\\/wordpress.prod.doctr.ca\\\/fr\\\/#website\"},\"datePublished\":\"2025-07-16T13:52:21+00:00\",\"dateModified\":\"2026-02-04T19:07:12+00:00\",\"description\":\"Offrez \u00e0 vos employ\u00e9s et membres de r\u00e9gime un acc\u00e8s facile \u00e0 des services de sant\u00e9 virtuels et \u00e0 une navigation de soins personnalis\u00e9e.\",\"breadcrumb\":{\"@id\":\"https:\\\/\\\/wordpress.prod.doctr.ca\\\/fr\\\/business\\\/#breadcrumb\"},\"inLanguage\":\"fr-CA\",\"potentialAction\":[{\"@type\":\"ReadAction\",\"target\":[\"https:\\\/\\\/wordpress.prod.doctr.ca\\\/fr\\\/business\\\/\"]}]},{\"@type\":\"BreadcrumbList\",\"@id\":\"https:\\\/\\\/wordpress.prod.doctr.ca\\\/fr\\\/business\\\/#breadcrumb\",\"itemListElement\":[{\"@type\":\"ListItem\",\"position\":1,\"name\":\"Home\",\"item\":\"https:\\\/\\\/wordpress.prod.doctr.ca\\\/fr\\\/\"},{\"@type\":\"ListItem\",\"position\":2,\"name\":\"Business\"}]},{\"@type\":\"WebSite\",\"@id\":\"https:\\\/\\\/wordpress.prod.doctr.ca\\\/fr\\\/#website\",\"url\":\"https:\\\/\\\/wordpress.prod.doctr.ca\\\/fr\\\/\",\"name\":\"Doctr - Virtual Clinic\",\"description\":\"Consultez un m\u00e9decin aujourd&#039;hui\",\"publisher\":{\"@id\":\"https:\\\/\\\/wordpress.prod.doctr.ca\\\/fr\\\/#organization\"},\"potentialAction\":[{\"@type\":\"SearchAction\",\"target\":{\"@type\":\"EntryPoint\",\"urlTemplate\":\"https:\\\/\\\/wordpress.prod.doctr.ca\\\/fr\\\/?s={search_term_string}\"},\"query-input\":{\"@type\":\"PropertyValueSpecification\",\"valueRequired\":true,\"valueName\":\"search_term_string\"}}],\"inLanguage\":\"fr-CA\"},{\"@type\":\"Organization\",\"@id\":\"https:\\\/\\\/wordpress.prod.doctr.ca\\\/fr\\\/#organization\",\"name\":\"Doctr - Virtual Clinic\",\"url\":\"https:\\\/\\\/wordpress.prod.doctr.ca\\\/fr\\\/\",\"logo\":{\"@type\":\"ImageObject\",\"inLanguage\":\"fr-CA\",\"@id\":\"https:\\\/\\\/wordpress.prod.doctr.ca\\\/fr\\\/#\\\/schema\\\/logo\\\/image\\\/\",\"url\":\"https:\\\/\\\/www.doctr.ca\\\/wp-content\\\/uploads\\\/Logo.svg\",\"contentUrl\":\"https:\\\/\\\/www.doctr.ca\\\/wp-content\\\/uploads\\\/Logo.svg\",\"width\":95,\"height\":40,\"caption\":\"Doctr - Virtual Clinic\"},\"image\":{\"@id\":\"https:\\\/\\\/wordpress.prod.doctr.ca\\\/fr\\\/#\\\/schema\\\/logo\\\/image\\\/\"},\"sameAs\":[\"https:\\\/\\\/www.facebook.com\\\/doctr.ca\",\"https:\\\/\\\/www.instagram.com\\\/doctrapp\\\/\"]}]}<\/script>\n<!-- \/ Yoast SEO plugin. -->","yoast_head_json":{"title":"Solutions d'entreprise - Doctr","description":"Offrez \u00e0 vos employ\u00e9s et membres de r\u00e9gime un acc\u00e8s facile \u00e0 des services de sant\u00e9 virtuels et \u00e0 une navigation de soins personnalis\u00e9e.","robots":{"index":"index","follow":"follow","max-snippet":"max-snippet:-1","max-image-preview":"max-image-preview:large","max-video-preview":"max-video-preview:-1"},"canonical":"https:\/\/wordpress.prod.doctr.ca\/fr\/business\/","og_locale":"fr_CA","og_type":"article","og_title":"Solutions d'entreprise - Doctr","og_description":"Offrez \u00e0 vos employ\u00e9s et membres de r\u00e9gime un acc\u00e8s facile \u00e0 des services de sant\u00e9 virtuels et \u00e0 une navigation de soins personnalis\u00e9e.","og_url":"https:\/\/wordpress.prod.doctr.ca\/fr\/business\/","og_site_name":"Doctr - Clinique virtuelle","article_publisher":"https:\/\/www.facebook.com\/doctr.ca","article_modified_time":"2026-02-04T19:07:12+00:00","og_image":[{"width":1200,"height":630,"url":"https:\/\/www.doctr.ca\/wp-content\/uploads\/Doctr_social.jpg","type":"image\/jpeg"}],"twitter_card":"summary_large_image","twitter_title":"Solutions d'entreprise - Doctr","twitter_description":"Offrez \u00e0 vos employ\u00e9s et membres de r\u00e9gime un acc\u00e8s facile \u00e0 des services de sant\u00e9 virtuels et \u00e0 une navigation de soins personnalis\u00e9e.","twitter_image":"https:\/\/wordpress.prod.doctr.ca\/wp-content\/uploads\/Doctr_social.jpg","twitter_misc":{"Estimation du temps de lecture":"2 minutes"},"schema":{"@context":"https:\/\/schema.org","@graph":[{"@type":"WebPage","@id":"https:\/\/wordpress.prod.doctr.ca\/fr\/business\/","url":"https:\/\/wordpress.prod.doctr.ca\/fr\/business\/","name":"Solutions d'entreprise - Doctr","isPartOf":{"@id":"https:\/\/wordpress.prod.doctr.ca\/fr\/#website"},"datePublished":"2025-07-16T13:52:21+00:00","dateModified":"2026-02-04T19:07:12+00:00","description":"Offrez \u00e0 vos employ\u00e9s et membres de r\u00e9gime un acc\u00e8s facile \u00e0 des services de sant\u00e9 virtuels et \u00e0 une navigation de soins personnalis\u00e9e.","breadcrumb":{"@id":"https:\/\/wordpress.prod.doctr.ca\/fr\/business\/#breadcrumb"},"inLanguage":"fr-CA","potentialAction":[{"@type":"ReadAction","target":["https:\/\/wordpress.prod.doctr.ca\/fr\/business\/"]}]},{"@type":"BreadcrumbList","@id":"https:\/\/wordpress.prod.doctr.ca\/fr\/business\/#breadcrumb","itemListElement":[{"@type":"ListItem","position":1,"name":"Home","item":"https:\/\/wordpress.prod.doctr.ca\/fr\/"},{"@type":"ListItem","position":2,"name":"Business"}]},{"@type":"WebSite","@id":"https:\/\/wordpress.prod.doctr.ca\/fr\/#website","url":"https:\/\/wordpress.prod.doctr.ca\/fr\/","name":"Doctr - Virtual Clinic","description":"Consultez un m\u00e9decin aujourd&#039;hui","publisher":{"@id":"https:\/\/wordpress.prod.doctr.ca\/fr\/#organization"},"potentialAction":[{"@type":"SearchAction","target":{"@type":"EntryPoint","urlTemplate":"https:\/\/wordpress.prod.doctr.ca\/fr\/?s={search_term_string}"},"query-input":{"@type":"PropertyValueSpecification","valueRequired":true,"valueName":"search_term_string"}}],"inLanguage":"fr-CA"},{"@type":"Organization","@id":"https:\/\/wordpress.prod.doctr.ca\/fr\/#organization","name":"Doctr - Virtual Clinic","url":"https:\/\/wordpress.prod.doctr.ca\/fr\/","logo":{"@type":"ImageObject","inLanguage":"fr-CA","@id":"https:\/\/wordpress.prod.doctr.ca\/fr\/#\/schema\/logo\/image\/","url":"https:\/\/www.doctr.ca\/wp-content\/uploads\/Logo.svg","contentUrl":"https:\/\/www.doctr.ca\/wp-content\/uploads\/Logo.svg","width":95,"height":40,"caption":"Doctr - Virtual Clinic"},"image":{"@id":"https:\/\/wordpress.prod.doctr.ca\/fr\/#\/schema\/logo\/image\/"},"sameAs":["https:\/\/www.facebook.com\/doctr.ca","https:\/\/www.instagram.com\/doctrapp\/"]}]}},"_links":{"self":[{"href":"https:\/\/wordpress.prod.doctr.ca\/fr\/wp-json\/wp\/v2\/pages\/573","targetHints":{"allow":["GET"]}}],"collection":[{"href":"https:\/\/wordpress.prod.doctr.ca\/fr\/wp-json\/wp\/v2\/pages"}],"about":[{"href":"https:\/\/wordpress.prod.doctr.ca\/fr\/wp-json\/wp\/v2\/types\/page"}],"author":[{"embeddable":true,"href":"https:\/\/wordpress.prod.doctr.ca\/fr\/wp-json\/wp\/v2\/users\/1"}],"replies":[{"embeddable":true,"href":"https:\/\/wordpress.prod.doctr.ca\/fr\/wp-json\/wp\/v2\/comments?post=573"}],"version-history":[{"count":8,"href":"https:\/\/wordpress.prod.doctr.ca\/fr\/wp-json\/wp\/v2\/pages\/573\/revisions"}],"predecessor-version":[{"id":1088,"href":"https:\/\/wordpress.prod.doctr.ca\/fr\/wp-json\/wp\/v2\/pages\/573\/revisions\/1088"}],"wp:attachment":[{"href":"https:\/\/wordpress.prod.doctr.ca\/fr\/wp-json\/wp\/v2\/media?parent=573"}],"curies":[{"name":"wp","href":"https:\/\/api.w.org\/{rel}","templated":true}]}}